{"id":3265,"date":"2020-03-27T06:07:11","date_gmt":"2020-03-27T06:07:11","guid":{"rendered":"https:\/\/casoteca.ro\/magazin\/?page_id=3265"},"modified":"2024-02-07T09:27:03","modified_gmt":"2024-02-07T09:27:03","slug":"articole-despre-plasmaclusterion","status":"publish","type":"page","link":"https:\/\/casoteca.ro\/magazin\/articole-despre-plasmaclusterion\/","title":{"rendered":"Articole despre PlasmaclusterIon"},"content":{"rendered":"\n\t<section class=\"section\" id=\"section_153297593\">\n\t\t<div class=\"section-bg fill\" >\n\t\t\t\t\t\t\t\t\t\n\t\t\t\n\n\t\t<\/div>\n\n\t\t\n\n\t\t<div class=\"section-content relative\">\n\t\t\t\n\n  \n    <div class=\"row large-columns-3 medium-columns- small-columns-1\" >\n  <div class=\"col post-item\" >\n\t\t\t<div class=\"col-inner\">\n\t\t\t\t<div class=\"box box-push box-text-bottom box-blog-post has-hover\">\n            \t\t\t\t\t<div class=\"box-image\" >\n  \t\t\t\t\t\t<div class=\"image-cover\" style=\"padding-top:75%;\">\n\t\t\t\t\t\t\t<a href=\"https:\/\/casoteca.ro\/magazin\/studiu-japonez-particulele-de-coronavirus-din-aer-eliminate-de-plasmacluster-tehnologia-anti-coronavirus\/\" class=\"plain\" aria-label=\"Studiu japonez: Particulele de coronavirus din aer, eliminate de Plasmacluster, tehnologia anti-coronavirus\">\n\t\t\t\t\t\t\t\t<img loading=\"lazy\" decoding=\"async\" width=\"2560\" height=\"1736\" src=\"https:\/\/casoteca.ro\/magazin\/wp-content\/uploads\/2020\/09\/kcg40_-scaled-1.jpg\" class=\"attachment-original size-original wp-post-image\" alt=\"Studiu japonez: Particulele de coronavirus din aer, eliminate de Plasmacluster, tehnologia anti-coronavirus\" srcset=\"https:\/\/casoteca.ro\/magazin\/wp-content\/uploads\/2020\/09\/kcg40_-scaled-1.jpg 2560w, https:\/\/casoteca.ro\/magazin\/wp-content\/uploads\/2020\/09\/kcg40_-scaled-1-590x400.jpg 590w, https:\/\/casoteca.ro\/magazin\/wp-content\/uploads\/2020\/09\/kcg40_-scaled-1-1180x800.jpg 1180w, https:\/\/casoteca.ro\/magazin\/wp-content\/uploads\/2020\/09\/kcg40_-scaled-1-768x521.jpg 768w, https:\/\/casoteca.ro\/magazin\/wp-content\/uploads\/2020\/09\/kcg40_-scaled-1-1536x1042.jpg 1536w, https:\/\/casoteca.ro\/magazin\/wp-content\/uploads\/2020\/09\/kcg40_-scaled-1-2048x1389.jpg 2048w, https:\/\/casoteca.ro\/magazin\/wp-content\/uploads\/2020\/09\/kcg40_-scaled-1-510x346.jpg 510w\" sizes=\"auto, (max-width: 2560px) 100vw, 2560px\" \/>\t\t\t\t\t\t\t<\/a>\n  \t\t\t\t\t\t\t  \t\t\t\t\t\t\t  \t\t\t\t\t\t<\/div>\n  \t\t\t\t\t\t  \t\t\t\t\t<\/div>\n          \t\t\t\t\t<div class=\"box-text text-center\" >\n\t\t\t\t\t<div class=\"box-text-inner blog-post-inner\">\n\n\t\t\t\t\t\n\t\t\t\t\t\t\t\t\t\t<h5 class=\"post-title is-large \">\n\t\t\t\t\t\t<a href=\"https:\/\/casoteca.ro\/magazin\/studiu-japonez-particulele-de-coronavirus-din-aer-eliminate-de-plasmacluster-tehnologia-anti-coronavirus\/\" class=\"plain\">Studiu japonez: Particulele de coronavirus din aer, eliminate de Plasmacluster, tehnologia anti-coronavirus<\/a>\n\t\t\t\t\t<\/h5>\n\t\t\t\t\t\t\t\t\t\t<div class=\"is-divider\"><\/div>\n\t\t\t\t\t                    \n\t\t\t\t\t\n\t\t\t\t\t\n\t\t\t\t\t<\/div>\n\t\t\t\t\t<\/div>\n\t\t\t\t\t\t\t\t\t\t\t\t\t\t\t\t<div class=\"badge absolute top post-date badge-outline\">\n\t\t\t\t\t\t\t<div class=\"badge-inner\">\n\t\t\t\t\t\t\t\t<span class=\"post-date-day\">16<\/span><br>\n\t\t\t\t\t\t\t\t<span class=\"post-date-month is-xsmall\">sept.<\/span>\n\t\t\t\t\t\t\t<\/div>\n\t\t\t\t\t\t<\/div>\n\t\t\t\t\t\t\t\t\t<\/div>\n\t\t\t<\/div>\n\t\t<\/div><div class=\"col post-item\" >\n\t\t\t<div class=\"col-inner\">\n\t\t\t\t<div class=\"box box-push box-text-bottom box-blog-post has-hover\">\n            \t\t\t\t\t<div class=\"box-image\" >\n  \t\t\t\t\t\t<div class=\"image-cover\" style=\"padding-top:75%;\">\n\t\t\t\t\t\t\t<a href=\"https:\/\/casoteca.ro\/magazin\/23-de-tipuri-de-bacterii-mucegaiuri-virusuri-si-alergeni-pot-fi-distruse-cu-ajutorul-purificatoarelor-sharp-cu-plasmacluster\/\" class=\"plain\" aria-label=\"23 de tipuri de bacterii, mucegaiuri, virusuri \u0219i alergeni pot fi distruse cu ajutorul purificatoarelor Sharp cu Plasmacluster\">\n\t\t\t\t\t\t\t\t<img loading=\"lazy\" decoding=\"async\" width=\"2560\" height=\"1920\" src=\"https:\/\/casoteca.ro\/magazin\/wp-content\/uploads\/2020\/03\/P9AH8579-scaled-1.jpg\" class=\"attachment-original size-original wp-post-image\" alt=\"\" srcset=\"https:\/\/casoteca.ro\/magazin\/wp-content\/uploads\/2020\/03\/P9AH8579-scaled-1.jpg 2560w, https:\/\/casoteca.ro\/magazin\/wp-content\/uploads\/2020\/03\/P9AH8579-scaled-1-533x400.jpg 533w, https:\/\/casoteca.ro\/magazin\/wp-content\/uploads\/2020\/03\/P9AH8579-scaled-1-1067x800.jpg 1067w, https:\/\/casoteca.ro\/magazin\/wp-content\/uploads\/2020\/03\/P9AH8579-scaled-1-768x576.jpg 768w, https:\/\/casoteca.ro\/magazin\/wp-content\/uploads\/2020\/03\/P9AH8579-scaled-1-1536x1152.jpg 1536w, https:\/\/casoteca.ro\/magazin\/wp-content\/uploads\/2020\/03\/P9AH8579-scaled-1-2048x1536.jpg 2048w, https:\/\/casoteca.ro\/magazin\/wp-content\/uploads\/2020\/03\/P9AH8579-scaled-1-510x383.jpg 510w\" sizes=\"auto, (max-width: 2560px) 100vw, 2560px\" \/>\t\t\t\t\t\t\t<\/a>\n  \t\t\t\t\t\t\t  \t\t\t\t\t\t\t  \t\t\t\t\t\t<\/div>\n  \t\t\t\t\t\t  \t\t\t\t\t<\/div>\n          \t\t\t\t\t<div class=\"box-text text-center\" >\n\t\t\t\t\t<div class=\"box-text-inner blog-post-inner\">\n\n\t\t\t\t\t\n\t\t\t\t\t\t\t\t\t\t<h5 class=\"post-title is-large \">\n\t\t\t\t\t\t<a href=\"https:\/\/casoteca.ro\/magazin\/23-de-tipuri-de-bacterii-mucegaiuri-virusuri-si-alergeni-pot-fi-distruse-cu-ajutorul-purificatoarelor-sharp-cu-plasmacluster\/\" class=\"plain\">23 de tipuri de bacterii, mucegaiuri, virusuri \u0219i alergeni pot fi distruse cu ajutorul purificatoarelor Sharp cu Plasmacluster<\/a>\n\t\t\t\t\t<\/h5>\n\t\t\t\t\t\t\t\t\t\t<div class=\"is-divider\"><\/div>\n\t\t\t\t\t                    \n\t\t\t\t\t\n\t\t\t\t\t\n\t\t\t\t\t<\/div>\n\t\t\t\t\t<\/div>\n\t\t\t\t\t\t\t\t\t\t\t\t\t\t\t\t<div class=\"badge absolute top post-date badge-outline\">\n\t\t\t\t\t\t\t<div class=\"badge-inner\">\n\t\t\t\t\t\t\t\t<span class=\"post-date-day\">27<\/span><br>\n\t\t\t\t\t\t\t\t<span class=\"post-date-month is-xsmall\">mart.<\/span>\n\t\t\t\t\t\t\t<\/div>\n\t\t\t\t\t\t<\/div>\n\t\t\t\t\t\t\t\t\t<\/div>\n\t\t\t<\/div>\n\t\t<\/div><div class=\"col post-item\" >\n\t\t\t<div class=\"col-inner\">\n\t\t\t\t<div class=\"box box-push box-text-bottom box-blog-post has-hover\">\n            \t\t\t\t\t<div class=\"box-image\" >\n  \t\t\t\t\t\t<div class=\"image-cover\" style=\"padding-top:75%;\">\n\t\t\t\t\t\t\t<a href=\"https:\/\/casoteca.ro\/magazin\/cum-purifici-aerul-din-casa-cu-un-plasmaclusterion-de-la-sharp-cat-costa-si-de-unde-cumperi\/\" class=\"plain\" aria-label=\"Cum purifici aerul din cas\u0103 cu un PlasmaclusterIon de la Sharp? C\u00e2t cost\u0103 \u0219i de unde cumperi?\">\n\t\t\t\t\t\t\t\t<img loading=\"lazy\" decoding=\"async\" width=\"696\" height=\"659\" src=\"https:\/\/casoteca.ro\/magazin\/wp-content\/uploads\/2020\/03\/Sharp-KC-G60EU-W_fot.7-696x659-1.jpg\" class=\"attachment-original size-original wp-post-image\" alt=\"\" srcset=\"https:\/\/casoteca.ro\/magazin\/wp-content\/uploads\/2020\/03\/Sharp-KC-G60EU-W_fot.7-696x659-1.jpg 696w, https:\/\/casoteca.ro\/magazin\/wp-content\/uploads\/2020\/03\/Sharp-KC-G60EU-W_fot.7-696x659-1-422x400.jpg 422w, https:\/\/casoteca.ro\/magazin\/wp-content\/uploads\/2020\/03\/Sharp-KC-G60EU-W_fot.7-696x659-1-510x483.jpg 510w\" sizes=\"auto, (max-width: 696px) 100vw, 696px\" \/>\t\t\t\t\t\t\t<\/a>\n  \t\t\t\t\t\t\t  \t\t\t\t\t\t\t  \t\t\t\t\t\t<\/div>\n  \t\t\t\t\t\t  \t\t\t\t\t<\/div>\n          \t\t\t\t\t<div class=\"box-text text-center\" >\n\t\t\t\t\t<div class=\"box-text-inner blog-post-inner\">\n\n\t\t\t\t\t\n\t\t\t\t\t\t\t\t\t\t<h5 class=\"post-title is-large \">\n\t\t\t\t\t\t<a href=\"https:\/\/casoteca.ro\/magazin\/cum-purifici-aerul-din-casa-cu-un-plasmaclusterion-de-la-sharp-cat-costa-si-de-unde-cumperi\/\" class=\"plain\">Cum purifici aerul din cas\u0103 cu un PlasmaclusterIon de la Sharp? C\u00e2t cost\u0103 \u0219i de unde cumperi?<\/a>\n\t\t\t\t\t<\/h5>\n\t\t\t\t\t\t\t\t\t\t<div class=\"is-divider\"><\/div>\n\t\t\t\t\t                    \n\t\t\t\t\t\n\t\t\t\t\t\n\t\t\t\t\t<\/div>\n\t\t\t\t\t<\/div>\n\t\t\t\t\t\t\t\t\t\t\t\t\t\t\t\t<div class=\"badge absolute top post-date badge-outline\">\n\t\t\t\t\t\t\t<div class=\"badge-inner\">\n\t\t\t\t\t\t\t\t<span class=\"post-date-day\">27<\/span><br>\n\t\t\t\t\t\t\t\t<span class=\"post-date-month is-xsmall\">mart.<\/span>\n\t\t\t\t\t\t\t<\/div>\n\t\t\t\t\t\t<\/div>\n\t\t\t\t\t\t\t\t\t<\/div>\n\t\t\t<\/div>\n\t\t<\/div><div class=\"col post-item has-post-icon\" >\n\t\t\t<div class=\"col-inner\">\n\t\t\t\t<div class=\"box box-push box-text-bottom box-blog-post has-hover\">\n            \t\t\t\t\t<div class=\"box-image\" >\n  \t\t\t\t\t\t<div class=\"image-cover\" style=\"padding-top:75%;\">\n\t\t\t\t\t\t\t<a href=\"https:\/\/casoteca.ro\/magazin\/poluarea-aerului-inamicul-nevazut-al-sanatatii-romanilor-cum-ne-afecteaza-si-cum-putem-lupta-impotriva-acesteia\/\" class=\"plain\" aria-label=\"Poluarea aerului, inamicul nev\u0103zut al s\u0103n\u0103t\u0103\u0163ii rom\u00e2nilor. Cum ne afecteaz\u0103 \u0219i cum putem lupta \u00eempotriva acesteia?\">\n\t\t\t\t\t\t\t\t<img loading=\"lazy\" decoding=\"async\" width=\"1707\" height=\"2560\" src=\"https:\/\/casoteca.ro\/magazin\/wp-content\/uploads\/2020\/03\/PRO24198-scaled-1.jpg\" class=\"attachment-original size-original wp-post-image\" alt=\"\" srcset=\"https:\/\/casoteca.ro\/magazin\/wp-content\/uploads\/2020\/03\/PRO24198-scaled-1.jpg 1707w, https:\/\/casoteca.ro\/magazin\/wp-content\/uploads\/2020\/03\/PRO24198-scaled-1-267x400.jpg 267w, https:\/\/casoteca.ro\/magazin\/wp-content\/uploads\/2020\/03\/PRO24198-scaled-1-533x800.jpg 533w, https:\/\/casoteca.ro\/magazin\/wp-content\/uploads\/2020\/03\/PRO24198-scaled-1-768x1152.jpg 768w, https:\/\/casoteca.ro\/magazin\/wp-content\/uploads\/2020\/03\/PRO24198-scaled-1-1024x1536.jpg 1024w, https:\/\/casoteca.ro\/magazin\/wp-content\/uploads\/2020\/03\/PRO24198-scaled-1-1366x2048.jpg 1366w, https:\/\/casoteca.ro\/magazin\/wp-content\/uploads\/2020\/03\/PRO24198-scaled-1-510x765.jpg 510w\" sizes=\"auto, (max-width: 1707px) 100vw, 1707px\" \/>\t\t\t\t\t\t\t<\/a>\n  \t\t\t\t\t\t\t  \t\t\t\t\t\t\t  \t\t\t\t\t\t<\/div>\n  \t\t\t\t\t\t  \t\t\t\t\t\t\t<div class=\"absolute no-click x50 y50 md-x50 md-y50 lg-x50 lg-y50\">\n  \t\t\t\t            \t<div class=\"overlay-icon\">\n  \t\t\t\t                    <i class=\"icon-play\"><\/i>\n  \t\t\t\t                <\/div>\n  \t\t\t\t            <\/div>\n  \t\t\t\t\t\t  \t\t\t\t\t<\/div>\n          \t\t\t\t\t<div class=\"box-text text-center\" >\n\t\t\t\t\t<div class=\"box-text-inner blog-post-inner\">\n\n\t\t\t\t\t\n\t\t\t\t\t\t\t\t\t\t<h5 class=\"post-title is-large \">\n\t\t\t\t\t\t<a href=\"https:\/\/casoteca.ro\/magazin\/poluarea-aerului-inamicul-nevazut-al-sanatatii-romanilor-cum-ne-afecteaza-si-cum-putem-lupta-impotriva-acesteia\/\" class=\"plain\">Poluarea aerului, inamicul nev\u0103zut al s\u0103n\u0103t\u0103\u0163ii rom\u00e2nilor. Cum ne afecteaz\u0103 \u0219i cum putem lupta \u00eempotriva acesteia?<\/a>\n\t\t\t\t\t<\/h5>\n\t\t\t\t\t\t\t\t\t\t<div class=\"is-divider\"><\/div>\n\t\t\t\t\t                    \n\t\t\t\t\t\n\t\t\t\t\t\n\t\t\t\t\t<\/div>\n\t\t\t\t\t<\/div>\n\t\t\t\t\t\t\t\t\t\t\t\t\t\t\t\t<div class=\"badge absolute top post-date badge-outline\">\n\t\t\t\t\t\t\t<div class=\"badge-inner\">\n\t\t\t\t\t\t\t\t<span class=\"post-date-day\">27<\/span><br>\n\t\t\t\t\t\t\t\t<span class=\"post-date-month is-xsmall\">mart.<\/span>\n\t\t\t\t\t\t\t<\/div>\n\t\t\t\t\t\t<\/div>\n\t\t\t\t\t\t\t\t\t<\/div>\n\t\t\t<\/div>\n\t\t<\/div><div class=\"col post-item\" >\n\t\t\t<div class=\"col-inner\">\n\t\t\t\t<div class=\"box box-push box-text-bottom box-blog-post has-hover\">\n            \t\t\t\t\t<div class=\"box-image\" >\n  \t\t\t\t\t\t<div class=\"image-cover\" style=\"padding-top:75%;\">\n\t\t\t\t\t\t\t<a href=\"https:\/\/casoteca.ro\/magazin\/cum-sa-scapam-de-mirosurile-neplacute-din-frigider\/\" class=\"plain\" aria-label=\"Cum s\u0103 sc\u0103p\u0103m de mirosurile nepl\u0103cute din frigider?\">\n\t\t\t\t\t\t\t\t<img loading=\"lazy\" decoding=\"async\" width=\"700\" height=\"525\" src=\"https:\/\/casoteca.ro\/magazin\/wp-content\/uploads\/2020\/03\/frigider-sharp.jpg\" class=\"attachment-original size-original wp-post-image\" alt=\"Cum s\u0103 sc\u0103p\u0103m de mirosurile nepl\u0103cute\" srcset=\"https:\/\/casoteca.ro\/magazin\/wp-content\/uploads\/2020\/03\/frigider-sharp.jpg 700w, https:\/\/casoteca.ro\/magazin\/wp-content\/uploads\/2020\/03\/frigider-sharp-533x400.jpg 533w, https:\/\/casoteca.ro\/magazin\/wp-content\/uploads\/2020\/03\/frigider-sharp-510x383.jpg 510w\" sizes=\"auto, (max-width: 700px) 100vw, 700px\" \/>\t\t\t\t\t\t\t<\/a>\n  \t\t\t\t\t\t\t  \t\t\t\t\t\t\t  \t\t\t\t\t\t<\/div>\n  \t\t\t\t\t\t  \t\t\t\t\t<\/div>\n          \t\t\t\t\t<div class=\"box-text text-center\" >\n\t\t\t\t\t<div class=\"box-text-inner blog-post-inner\">\n\n\t\t\t\t\t\n\t\t\t\t\t\t\t\t\t\t<h5 class=\"post-title is-large \">\n\t\t\t\t\t\t<a href=\"https:\/\/casoteca.ro\/magazin\/cum-sa-scapam-de-mirosurile-neplacute-din-frigider\/\" class=\"plain\">Cum s\u0103 sc\u0103p\u0103m de mirosurile nepl\u0103cute din frigider?<\/a>\n\t\t\t\t\t<\/h5>\n\t\t\t\t\t\t\t\t\t\t<div class=\"is-divider\"><\/div>\n\t\t\t\t\t                    \n\t\t\t\t\t\n\t\t\t\t\t\n\t\t\t\t\t<\/div>\n\t\t\t\t\t<\/div>\n\t\t\t\t\t\t\t\t\t\t\t\t\t\t\t\t<div class=\"badge absolute top post-date badge-outline\">\n\t\t\t\t\t\t\t<div class=\"badge-inner\">\n\t\t\t\t\t\t\t\t<span class=\"post-date-day\">27<\/span><br>\n\t\t\t\t\t\t\t\t<span class=\"post-date-month is-xsmall\">mart.<\/span>\n\t\t\t\t\t\t\t<\/div>\n\t\t\t\t\t\t<\/div>\n\t\t\t\t\t\t\t\t\t<\/div>\n\t\t\t<\/div>\n\t\t<\/div><div class=\"col post-item\" >\n\t\t\t<div class=\"col-inner\">\n\t\t\t\t<div class=\"box box-push box-text-bottom box-blog-post has-hover\">\n            \t\t\t\t\t<div class=\"box-image\" >\n  \t\t\t\t\t\t<div class=\"image-cover\" style=\"padding-top:75%;\">\n\t\t\t\t\t\t\t<a href=\"https:\/\/casoteca.ro\/magazin\/recomandare-casoteca-super-frigiderele-sharp-in-care-mancarea-nu-se-mai-strica\/\" class=\"plain\" aria-label=\"Recomandare CasoTeca: super frigiderele SHARP \u00een care m\u00e2ncarea nu se mai stric\u0103\">\n\t\t\t\t\t\t\t\t<img loading=\"lazy\" decoding=\"async\" width=\"487\" height=\"519\" src=\"https:\/\/casoteca.ro\/magazin\/wp-content\/uploads\/2020\/03\/frigider-sharp-42.jpg\" class=\"attachment-original size-original wp-post-image\" alt=\"\" srcset=\"https:\/\/casoteca.ro\/magazin\/wp-content\/uploads\/2020\/03\/frigider-sharp-42.jpg 487w, https:\/\/casoteca.ro\/magazin\/wp-content\/uploads\/2020\/03\/frigider-sharp-42-375x400.jpg 375w\" sizes=\"auto, (max-width: 487px) 100vw, 487px\" \/>\t\t\t\t\t\t\t<\/a>\n  \t\t\t\t\t\t\t  \t\t\t\t\t\t\t  \t\t\t\t\t\t<\/div>\n  \t\t\t\t\t\t  \t\t\t\t\t\t\t<div class=\"absolute no-click x50 y50 md-x50 md-y50 lg-x50 lg-y50\">\n  \t\t\t\t            \t<div class=\"overlay-icon\">\n  \t\t\t\t                    <i class=\"icon-play\"><\/i>\n  \t\t\t\t                <\/div>\n  \t\t\t\t            <\/div>\n  \t\t\t\t\t\t  \t\t\t\t\t<\/div>\n          \t\t\t\t\t<div class=\"box-text text-center\" >\n\t\t\t\t\t<div class=\"box-text-inner blog-post-inner\">\n\n\t\t\t\t\t\n\t\t\t\t\t\t\t\t\t\t<h5 class=\"post-title is-large \">\n\t\t\t\t\t\t<a href=\"https:\/\/casoteca.ro\/magazin\/recomandare-casoteca-super-frigiderele-sharp-in-care-mancarea-nu-se-mai-strica\/\" class=\"plain\">Recomandare CasoTeca: super frigiderele SHARP \u00een care m\u00e2ncarea nu se mai stric\u0103<\/a>\n\t\t\t\t\t<\/h5>\n\t\t\t\t\t\t\t\t\t\t<div class=\"is-divider\"><\/div>\n\t\t\t\t\t                    \n\t\t\t\t\t\n\t\t\t\t\t\n\t\t\t\t\t<\/div>\n\t\t\t\t\t<\/div>\n\t\t\t\t\t\t\t\t\t\t\t\t\t\t\t\t<div class=\"badge absolute top post-date badge-outline\">\n\t\t\t\t\t\t\t<div class=\"badge-inner\">\n\t\t\t\t\t\t\t\t<span class=\"post-date-day\">27<\/span><br>\n\t\t\t\t\t\t\t\t<span class=\"post-date-month is-xsmall\">mart.<\/span>\n\t\t\t\t\t\t\t<\/div>\n\t\t\t\t\t\t<\/div>\n\t\t\t\t\t\t\t\t\t<\/div>\n\t\t\t<\/div>\n\t\t<\/div><div class=\"col post-item\" >\n\t\t\t<div class=\"col-inner\">\n\t\t\t\t<div class=\"box box-push box-text-bottom box-blog-post has-hover\">\n            \t\t\t\t\t<div class=\"box-image\" >\n  \t\t\t\t\t\t<div class=\"image-cover\" style=\"padding-top:75%;\">\n\t\t\t\t\t\t\t<a href=\"https:\/\/casoteca.ro\/magazin\/recomandarea-zilei-un-frigider-in-care-nu-ti-se-strica-mancarea\/\" class=\"plain\" aria-label=\"Recomandarea zilei: Un frigider \u00een care nu \u021bi se stric\u0103 m\u00e2ncarea\">\n\t\t\t\t\t\t\t\t<img loading=\"lazy\" decoding=\"async\" width=\"650\" height=\"487\" src=\"https:\/\/casoteca.ro\/magazin\/wp-content\/uploads\/2020\/03\/frigider-3.jpg\" class=\"attachment-original size-original wp-post-image\" alt=\"Un frigider \u00een care nu \u021bi se stric\u0103 m\u00e2ncarea\" srcset=\"https:\/\/casoteca.ro\/magazin\/wp-content\/uploads\/2020\/03\/frigider-3.jpg 650w, https:\/\/casoteca.ro\/magazin\/wp-content\/uploads\/2020\/03\/frigider-3-534x400.jpg 534w, https:\/\/casoteca.ro\/magazin\/wp-content\/uploads\/2020\/03\/frigider-3-510x382.jpg 510w\" sizes=\"auto, (max-width: 650px) 100vw, 650px\" \/>\t\t\t\t\t\t\t<\/a>\n  \t\t\t\t\t\t\t  \t\t\t\t\t\t\t  \t\t\t\t\t\t<\/div>\n  \t\t\t\t\t\t  \t\t\t\t\t<\/div>\n          \t\t\t\t\t<div class=\"box-text text-center\" >\n\t\t\t\t\t<div class=\"box-text-inner blog-post-inner\">\n\n\t\t\t\t\t\n\t\t\t\t\t\t\t\t\t\t<h5 class=\"post-title is-large \">\n\t\t\t\t\t\t<a href=\"https:\/\/casoteca.ro\/magazin\/recomandarea-zilei-un-frigider-in-care-nu-ti-se-strica-mancarea\/\" class=\"plain\">Recomandarea zilei: Un frigider \u00een care nu \u021bi se stric\u0103 m\u00e2ncarea<\/a>\n\t\t\t\t\t<\/h5>\n\t\t\t\t\t\t\t\t\t\t<div class=\"is-divider\"><\/div>\n\t\t\t\t\t                    \n\t\t\t\t\t\n\t\t\t\t\t\n\t\t\t\t\t<\/div>\n\t\t\t\t\t<\/div>\n\t\t\t\t\t\t\t\t\t\t\t\t\t\t\t\t<div class=\"badge absolute top post-date badge-outline\">\n\t\t\t\t\t\t\t<div class=\"badge-inner\">\n\t\t\t\t\t\t\t\t<span class=\"post-date-day\">27<\/span><br>\n\t\t\t\t\t\t\t\t<span class=\"post-date-month is-xsmall\">mart.<\/span>\n\t\t\t\t\t\t\t<\/div>\n\t\t\t\t\t\t<\/div>\n\t\t\t\t\t\t\t\t\t<\/div>\n\t\t\t<\/div>\n\t\t<\/div><\/div>\n\t\t<\/div>\n\n\t\t\n<style>\n#section_153297593 {\n  padding-top: 0px;\n  padding-bottom: 0px;\n}\n<\/style>\n\t<\/section>\n\t\n","protected":false},"excerpt":{"rendered":"","protected":false},"author":1,"featured_media":0,"parent":0,"menu_order":0,"comment_status":"closed","ping_status":"closed","template":"","meta":{"footnotes":""},"class_list":["post-3265","page","type-page","status-publish","hentry"],"yoast_head":"<!-- This site is optimized with the Yoast SEO plugin v23.3 - https:\/\/yoast.com\/wordpress\/plugins\/seo\/ -->\n<title>Articole despre PlasmaclusterIon - Casoteca Magazin<\/title>\n<meta name=\"robots\" content=\"index, follow, max-snippet:-1, max-image-preview:large, max-video-preview:-1\" \/>\n<link rel=\"canonical\" href=\"https:\/\/casoteca.ro\/magazin\/articole-despre-plasmaclusterion\/\" \/>\n<meta property=\"og:locale\" content=\"ro_RO\" \/>\n<meta property=\"og:type\" content=\"article\" \/>\n<meta property=\"og:title\" content=\"Articole despre PlasmaclusterIon - Casoteca Magazin\" \/>\n<meta property=\"og:url\" content=\"https:\/\/casoteca.ro\/magazin\/articole-despre-plasmaclusterion\/\" \/>\n<meta property=\"og:site_name\" content=\"Casoteca Magazin\" \/>\n<meta property=\"article:modified_time\" content=\"2024-02-07T09:27:03+00:00\" \/>\n<meta name=\"twitter:card\" content=\"summary_large_image\" \/>\n<script type=\"application\/ld+json\" class=\"yoast-schema-graph\">{\"@context\":\"https:\/\/schema.org\",\"@graph\":[{\"@type\":\"WebPage\",\"@id\":\"https:\/\/casoteca.ro\/magazin\/articole-despre-plasmaclusterion\/\",\"url\":\"https:\/\/casoteca.ro\/magazin\/articole-despre-plasmaclusterion\/\",\"name\":\"Articole despre PlasmaclusterIon - Casoteca Magazin\",\"isPartOf\":{\"@id\":\"https:\/\/casoteca.ro\/magazin\/#website\"},\"datePublished\":\"2020-03-27T06:07:11+00:00\",\"dateModified\":\"2024-02-07T09:27:03+00:00\",\"breadcrumb\":{\"@id\":\"https:\/\/casoteca.ro\/magazin\/articole-despre-plasmaclusterion\/#breadcrumb\"},\"inLanguage\":\"ro-RO\",\"potentialAction\":[{\"@type\":\"ReadAction\",\"target\":[\"https:\/\/casoteca.ro\/magazin\/articole-despre-plasmaclusterion\/\"]}]},{\"@type\":\"BreadcrumbList\",\"@id\":\"https:\/\/casoteca.ro\/magazin\/articole-despre-plasmaclusterion\/#breadcrumb\",\"itemListElement\":[{\"@type\":\"ListItem\",\"position\":1,\"name\":\"Prima pagin\u0103\",\"item\":\"https:\/\/casoteca.ro\/magazin\/\"},{\"@type\":\"ListItem\",\"position\":2,\"name\":\"Articole despre PlasmaclusterIon\"}]},{\"@type\":\"WebSite\",\"@id\":\"https:\/\/casoteca.ro\/magazin\/#website\",\"url\":\"https:\/\/casoteca.ro\/magazin\/\",\"name\":\"Casoteca Magazin\",\"description\":\"Purificator de aer. Aspirator f\u0103r\u0103 fir. Plasmacluster\",\"potentialAction\":[{\"@type\":\"SearchAction\",\"target\":{\"@type\":\"EntryPoint\",\"urlTemplate\":\"https:\/\/casoteca.ro\/magazin\/?s={search_term_string}\"},\"query-input\":\"required name=search_term_string\"}],\"inLanguage\":\"ro-RO\"}]}<\/script>\n<!-- \/ Yoast SEO plugin. -->","yoast_head_json":{"title":"Articole despre PlasmaclusterIon - Casoteca Magazin","robots":{"index":"index","follow":"follow","max-snippet":"max-snippet:-1","max-image-preview":"max-image-preview:large","max-video-preview":"max-video-preview:-1"},"canonical":"https:\/\/casoteca.ro\/magazin\/articole-despre-plasmaclusterion\/","og_locale":"ro_RO","og_type":"article","og_title":"Articole despre PlasmaclusterIon - Casoteca Magazin","og_url":"https:\/\/casoteca.ro\/magazin\/articole-despre-plasmaclusterion\/","og_site_name":"Casoteca Magazin","article_modified_time":"2024-02-07T09:27:03+00:00","twitter_card":"summary_large_image","schema":{"@context":"https:\/\/schema.org","@graph":[{"@type":"WebPage","@id":"https:\/\/casoteca.ro\/magazin\/articole-despre-plasmaclusterion\/","url":"https:\/\/casoteca.ro\/magazin\/articole-despre-plasmaclusterion\/","name":"Articole despre PlasmaclusterIon - Casoteca Magazin","isPartOf":{"@id":"https:\/\/casoteca.ro\/magazin\/#website"},"datePublished":"2020-03-27T06:07:11+00:00","dateModified":"2024-02-07T09:27:03+00:00","breadcrumb":{"@id":"https:\/\/casoteca.ro\/magazin\/articole-despre-plasmaclusterion\/#breadcrumb"},"inLanguage":"ro-RO","potentialAction":[{"@type":"ReadAction","target":["https:\/\/casoteca.ro\/magazin\/articole-despre-plasmaclusterion\/"]}]},{"@type":"BreadcrumbList","@id":"https:\/\/casoteca.ro\/magazin\/articole-despre-plasmaclusterion\/#breadcrumb","itemListElement":[{"@type":"ListItem","position":1,"name":"Prima pagin\u0103","item":"https:\/\/casoteca.ro\/magazin\/"},{"@type":"ListItem","position":2,"name":"Articole despre PlasmaclusterIon"}]},{"@type":"WebSite","@id":"https:\/\/casoteca.ro\/magazin\/#website","url":"https:\/\/casoteca.ro\/magazin\/","name":"Casoteca Magazin","description":"Purificator de aer. Aspirator f\u0103r\u0103 fir. Plasmacluster","potentialAction":[{"@type":"SearchAction","target":{"@type":"EntryPoint","urlTemplate":"https:\/\/casoteca.ro\/magazin\/?s={search_term_string}"},"query-input":"required name=search_term_string"}],"inLanguage":"ro-RO"}]}},"jetpack_sharing_enabled":true,"_links":{"self":[{"href":"https:\/\/casoteca.ro\/magazin\/wp-json\/wp\/v2\/pages\/3265","targetHints":{"allow":["GET"]}}],"collection":[{"href":"https:\/\/casoteca.ro\/magazin\/wp-json\/wp\/v2\/pages"}],"about":[{"href":"https:\/\/casoteca.ro\/magazin\/wp-json\/wp\/v2\/types\/page"}],"author":[{"embeddable":true,"href":"https:\/\/casoteca.ro\/magazin\/wp-json\/wp\/v2\/users\/1"}],"replies":[{"embeddable":true,"href":"https:\/\/casoteca.ro\/magazin\/wp-json\/wp\/v2\/comments?post=3265"}],"version-history":[{"count":1,"href":"https:\/\/casoteca.ro\/magazin\/wp-json\/wp\/v2\/pages\/3265\/revisions"}],"predecessor-version":[{"id":3900,"href":"https:\/\/casoteca.ro\/magazin\/wp-json\/wp\/v2\/pages\/3265\/revisions\/3900"}],"wp:attachment":[{"href":"https:\/\/casoteca.ro\/magazin\/wp-json\/wp\/v2\/media?parent=3265"}],"curies":[{"name":"wp","href":"https:\/\/api.w.org\/{rel}","templated":true}]}}