{"id":3514,"date":"2021-04-26T05:34:10","date_gmt":"2021-04-26T05:34:10","guid":{"rendered":"https:\/\/casoteca.ro\/magazin\/?page_id=3514"},"modified":"2021-04-26T05:34:10","modified_gmt":"2021-04-26T05:34:10","slug":"modalitati-de-plata","status":"publish","type":"page","link":"https:\/\/casoteca.ro\/magazin\/modalitati-de-plata\/","title":{"rendered":"Modalit\u0103\u021bi de plat\u0103"},"content":{"rendered":"[vc_row type=&#8221;in_container&#8221; full_screen_row_position=&#8221;middle&#8221; column_margin=&#8221;default&#8221; column_direction=&#8221;default&#8221; column_direction_tablet=&#8221;default&#8221; column_direction_phone=&#8221;default&#8221; scene_position=&#8221;center&#8221; top_padding=&#8221;5%&#8221; constrain_group_1=&#8221;yes&#8221; bottom_padding=&#8221;5%&#8221; text_color=&#8221;dark&#8221; text_align=&#8221;left&#8221; row_border_radius=&#8221;none&#8221; row_border_radius_applies=&#8221;bg&#8221; overlay_strength=&#8221;0.3&#8243; gradient_direction=&#8221;left_to_right&#8221; shape_divider_position=&#8221;bottom&#8221; bg_image_animation=&#8221;none&#8221; shape_type=&#8221;&#8221;][vc_column column_padding=&#8221;no-extra-padding&#8221; column_padding_tablet=&#8221;inherit&#8221; column_padding_phone=&#8221;inherit&#8221; column_padding_position=&#8221;all&#8221; column_element_spacing=&#8221;default&#8221; background_color_opacity=&#8221;1&#8243; background_hover_color_opacity=&#8221;1&#8243; column_shadow=&#8221;none&#8221; column_border_radius=&#8221;none&#8221; column_link_target=&#8221;_self&#8221; gradient_direction=&#8221;left_to_right&#8221; overlay_strength=&#8221;0.3&#8243; width=&#8221;1\/1&#8243; tablet_width_inherit=&#8221;default&#8221; tablet_text_alignment=&#8221;default&#8221; phone_text_alignment=&#8221;default&#8221; bg_image_animation=&#8221;none&#8221; border_type=&#8221;simple&#8221; column_border_width=&#8221;none&#8221; column_border_style=&#8221;solid&#8221;][vc_column_text]\n<h2>Modalit\u0103\u021bi de plat\u0103<\/h2>\n[\/vc_column_text]<div class=\"is-divider divider clearfix\" ><\/div>[vc_column_text]Pentru comenzile online avem 2 metode de plat\u0103:<\/p>\n<ul>\n<li><strong>Plata Ramburs<\/strong>\u00a0\u2013 plat\u0103 cash \u00een momentul c\u00e2nd angajatul firmei de curierat \u00ee\u021bi pred\u0103 coletul expediat de noi<\/li>\n<li><strong>Online cu card bancar (Visa\/Maestro\/Mastercard).<\/strong><\/li>\n<\/ul>\n<p>Dac\u0103 ai ales metoda de plat\u0103\u00a0<strong>\u201eOnline prin card bancar\u201c<\/strong>\u00a0este necesar s\u0103 completezi un formular cu informa\u021biile despre cardul t\u0103u \u00een pagina securizat\u0103 a procesatorului de pl\u0103\u021bi.<\/p>\n<p>Pl\u0103tile cu carduri de credit\/debit emise sub sigla Visa \u0219i MasterCard (Visa\/Visa Electron \u0219i MasterCard\/Maestro) se efectuaeaz\u0103 prin intermediul sistemului\u00a0<strong>\u201e3-D Secure\u201d\u00a0<\/strong>elaborat de organiza\u021biile care asigur\u0103 tranzac\u021biilor on-line acela\u0219i nivel de securitate ca cele realizate la bancomat sau \u00een mediul fizic, la comerciant.<\/p>\n<p>\u201e3-D Secure\u201d asigur\u0103 \u00een primul r\u00e2nd c\u0103 nici o informa\u021bie legat\u0103 de cardul dumneavoastr\u0103 nu este transferat\u0103 sau stocat\u0103, la nici un moment de timp, pe serverele magazinului<b>\u00a0<\/b>sau pe serverele procesatorului de pl\u0103\u021bi, aceste date fiind direct introduse \u00een sistemele Visa \u0219i MasterCard.<\/p>\n<p>Pentru pl\u0103tile prin card bancar nu este perceput nici un comision![\/vc_column_text][\/vc_column][\/vc_row]\n","protected":false},"excerpt":{"rendered":"[vc_row type=&#8221;in_container&#8221; full_screen_row_position=&#8221;middle&#8221; column_margin=&#8221;default&#8221; column_direction=&#8221;default&#8221; column_direction_tablet=&#8221;default&#8221; column_direction_phone=&#8221;default&#8221; scene_position=&#8221;center&#8221; top_padding=&#8221;5%&#8221; constrain_group_1=&#8221;yes&#8221; bottom_padding=&#8221;5%&#8221; text_color=&#8221;dark&#8221; text_align=&#8221;left&#8221; row_border_radius=&#8221;none&#8221; row_border_radius_applies=&#8221;bg&#8221; overlay_strength=&#8221;0.3&#8243; gradient_direction=&#8221;left_to_right&#8221; shape_divider_position=&#8221;bottom&#8221; bg_image_animation=&#8221;none&#8221; shape_type=&#8221;&#8221;][vc_column column_padding=&#8221;no-extra-padding&#8221; column_padding_tablet=&#8221;inherit&#8221; column_padding_phone=&#8221;inherit&#8221; column_padding_position=&#8221;all&#8221; column_element_spacing=&#8221;default&#8221; background_color_opacity=&#8221;1&#8243; background_hover_color_opacity=&#8221;1&#8243; column_shadow=&#8221;none&#8221; column_border_radius=&#8221;none&#8221; column_link_target=&#8221;_self&#8221; gradient_direction=&#8221;left_to_right&#8221; overlay_strength=&#8221;0.3&#8243; width=&#8221;1\/1&#8243; tablet_width_inherit=&#8221;default&#8221; tablet_text_alignment=&#8221;default&#8221; phone_text_alignment=&#8221;default&#8221; bg_image_animation=&#8221;none&#8221; border_type=&#8221;simple&#8221; column_border_width=&#8221;none&#8221; column_border_style=&#8221;solid&#8221;][vc_column_text] Modalit\u0103\u021bi de plat\u0103 [\/vc_column_text][vc_column_text]Pentru comenzile online avem 2 metode de plat\u0103: Plata Ramburs\u00a0\u2013 plat\u0103 cash [&#8230;]\n","protected":false},"author":1,"featured_media":0,"parent":0,"menu_order":0,"comment_status":"closed","ping_status":"closed","template":"","meta":{"footnotes":""},"class_list":["post-3514","page","type-page","status-publish","hentry"],"yoast_head":"<!-- This site is optimized with the Yoast SEO plugin v23.3 - https:\/\/yoast.com\/wordpress\/plugins\/seo\/ -->\n<title>Modalit\u0103\u021bi de plat\u0103 - Casoteca Magazin<\/title>\n<meta name=\"robots\" content=\"index, follow, max-snippet:-1, max-image-preview:large, max-video-preview:-1\" \/>\n<link rel=\"canonical\" href=\"https:\/\/casoteca.ro\/magazin\/modalitati-de-plata\/\" \/>\n<meta property=\"og:locale\" content=\"ro_RO\" \/>\n<meta property=\"og:type\" content=\"article\" \/>\n<meta property=\"og:title\" content=\"Modalit\u0103\u021bi de plat\u0103 - Casoteca Magazin\" \/>\n<meta property=\"og:description\" content=\"[vc_row type=&#8221;in_container&#8221; full_screen_row_position=&#8221;middle&#8221; column_margin=&#8221;default&#8221; column_direction=&#8221;default&#8221; column_direction_tablet=&#8221;default&#8221; column_direction_phone=&#8221;default&#8221; scene_position=&#8221;center&#8221; top_padding=&#8221;5%&#8221; constrain_group_1=&#8221;yes&#8221; bottom_padding=&#8221;5%&#8221; text_color=&#8221;dark&#8221; text_align=&#8221;left&#8221; row_border_radius=&#8221;none&#8221; row_border_radius_applies=&#8221;bg&#8221; overlay_strength=&#8221;0.3&#8243; gradient_direction=&#8221;left_to_right&#8221; shape_divider_position=&#8221;bottom&#8221; bg_image_animation=&#8221;none&#8221; shape_type=&#8221;&#8221;][vc_column column_padding=&#8221;no-extra-padding&#8221; column_padding_tablet=&#8221;inherit&#8221; column_padding_phone=&#8221;inherit&#8221; column_padding_position=&#8221;all&#8221; column_element_spacing=&#8221;default&#8221; background_color_opacity=&#8221;1&#8243; background_hover_color_opacity=&#8221;1&#8243; column_shadow=&#8221;none&#8221; column_border_radius=&#8221;none&#8221; column_link_target=&#8221;_self&#8221; gradient_direction=&#8221;left_to_right&#8221; overlay_strength=&#8221;0.3&#8243; width=&#8221;1\/1&#8243; tablet_width_inherit=&#8221;default&#8221; tablet_text_alignment=&#8221;default&#8221; phone_text_alignment=&#8221;default&#8221; bg_image_animation=&#8221;none&#8221; border_type=&#8221;simple&#8221; column_border_width=&#8221;none&#8221; column_border_style=&#8221;solid&#8221;][vc_column_text] Modalit\u0103\u021bi de plat\u0103 [\/vc_column_text][vc_column_text]Pentru comenzile online avem 2 metode de plat\u0103: Plata Ramburs\u00a0\u2013 plat\u0103 cash [...]\" \/>\n<meta property=\"og:url\" content=\"https:\/\/casoteca.ro\/magazin\/modalitati-de-plata\/\" \/>\n<meta property=\"og:site_name\" content=\"Casoteca Magazin\" \/>\n<meta name=\"twitter:card\" content=\"summary_large_image\" \/>\n<meta name=\"twitter:label1\" content=\"Timp estimat pentru citire\" \/>\n\t<meta name=\"twitter:data1\" content=\"1 minut\" \/>\n<script type=\"application\/ld+json\" class=\"yoast-schema-graph\">{\"@context\":\"https:\/\/schema.org\",\"@graph\":[{\"@type\":\"WebPage\",\"@id\":\"https:\/\/casoteca.ro\/magazin\/modalitati-de-plata\/\",\"url\":\"https:\/\/casoteca.ro\/magazin\/modalitati-de-plata\/\",\"name\":\"Modalit\u0103\u021bi de plat\u0103 - Casoteca Magazin\",\"isPartOf\":{\"@id\":\"https:\/\/casoteca.ro\/magazin\/#website\"},\"datePublished\":\"2021-04-26T05:34:10+00:00\",\"dateModified\":\"2021-04-26T05:34:10+00:00\",\"breadcrumb\":{\"@id\":\"https:\/\/casoteca.ro\/magazin\/modalitati-de-plata\/#breadcrumb\"},\"inLanguage\":\"ro-RO\",\"potentialAction\":[{\"@type\":\"ReadAction\",\"target\":[\"https:\/\/casoteca.ro\/magazin\/modalitati-de-plata\/\"]}]},{\"@type\":\"BreadcrumbList\",\"@id\":\"https:\/\/casoteca.ro\/magazin\/modalitati-de-plata\/#breadcrumb\",\"itemListElement\":[{\"@type\":\"ListItem\",\"position\":1,\"name\":\"Prima pagin\u0103\",\"item\":\"https:\/\/casoteca.ro\/magazin\/\"},{\"@type\":\"ListItem\",\"position\":2,\"name\":\"Modalit\u0103\u021bi de plat\u0103\"}]},{\"@type\":\"WebSite\",\"@id\":\"https:\/\/casoteca.ro\/magazin\/#website\",\"url\":\"https:\/\/casoteca.ro\/magazin\/\",\"name\":\"Casoteca Magazin\",\"description\":\"Purificator de aer. Aspirator f\u0103r\u0103 fir. Plasmacluster\",\"potentialAction\":[{\"@type\":\"SearchAction\",\"target\":{\"@type\":\"EntryPoint\",\"urlTemplate\":\"https:\/\/casoteca.ro\/magazin\/?s={search_term_string}\"},\"query-input\":\"required name=search_term_string\"}],\"inLanguage\":\"ro-RO\"}]}<\/script>\n<!-- \/ Yoast SEO plugin. -->","yoast_head_json":{"title":"Modalit\u0103\u021bi de plat\u0103 - Casoteca Magazin","robots":{"index":"index","follow":"follow","max-snippet":"max-snippet:-1","max-image-preview":"max-image-preview:large","max-video-preview":"max-video-preview:-1"},"canonical":"https:\/\/casoteca.ro\/magazin\/modalitati-de-plata\/","og_locale":"ro_RO","og_type":"article","og_title":"Modalit\u0103\u021bi de plat\u0103 - Casoteca Magazin","og_description":"[vc_row type=&#8221;in_container&#8221; full_screen_row_position=&#8221;middle&#8221; column_margin=&#8221;default&#8221; column_direction=&#8221;default&#8221; column_direction_tablet=&#8221;default&#8221; column_direction_phone=&#8221;default&#8221; scene_position=&#8221;center&#8221; top_padding=&#8221;5%&#8221; constrain_group_1=&#8221;yes&#8221; bottom_padding=&#8221;5%&#8221; text_color=&#8221;dark&#8221; text_align=&#8221;left&#8221; row_border_radius=&#8221;none&#8221; row_border_radius_applies=&#8221;bg&#8221; overlay_strength=&#8221;0.3&#8243; gradient_direction=&#8221;left_to_right&#8221; shape_divider_position=&#8221;bottom&#8221; bg_image_animation=&#8221;none&#8221; shape_type=&#8221;&#8221;][vc_column column_padding=&#8221;no-extra-padding&#8221; column_padding_tablet=&#8221;inherit&#8221; column_padding_phone=&#8221;inherit&#8221; column_padding_position=&#8221;all&#8221; column_element_spacing=&#8221;default&#8221; background_color_opacity=&#8221;1&#8243; background_hover_color_opacity=&#8221;1&#8243; column_shadow=&#8221;none&#8221; column_border_radius=&#8221;none&#8221; column_link_target=&#8221;_self&#8221; gradient_direction=&#8221;left_to_right&#8221; overlay_strength=&#8221;0.3&#8243; width=&#8221;1\/1&#8243; tablet_width_inherit=&#8221;default&#8221; tablet_text_alignment=&#8221;default&#8221; phone_text_alignment=&#8221;default&#8221; bg_image_animation=&#8221;none&#8221; border_type=&#8221;simple&#8221; column_border_width=&#8221;none&#8221; column_border_style=&#8221;solid&#8221;][vc_column_text] Modalit\u0103\u021bi de plat\u0103 [\/vc_column_text][vc_column_text]Pentru comenzile online avem 2 metode de plat\u0103: Plata Ramburs\u00a0\u2013 plat\u0103 cash [...]","og_url":"https:\/\/casoteca.ro\/magazin\/modalitati-de-plata\/","og_site_name":"Casoteca Magazin","twitter_card":"summary_large_image","twitter_misc":{"Timp estimat pentru citire":"1 minut"},"schema":{"@context":"https:\/\/schema.org","@graph":[{"@type":"WebPage","@id":"https:\/\/casoteca.ro\/magazin\/modalitati-de-plata\/","url":"https:\/\/casoteca.ro\/magazin\/modalitati-de-plata\/","name":"Modalit\u0103\u021bi de plat\u0103 - Casoteca Magazin","isPartOf":{"@id":"https:\/\/casoteca.ro\/magazin\/#website"},"datePublished":"2021-04-26T05:34:10+00:00","dateModified":"2021-04-26T05:34:10+00:00","breadcrumb":{"@id":"https:\/\/casoteca.ro\/magazin\/modalitati-de-plata\/#breadcrumb"},"inLanguage":"ro-RO","potentialAction":[{"@type":"ReadAction","target":["https:\/\/casoteca.ro\/magazin\/modalitati-de-plata\/"]}]},{"@type":"BreadcrumbList","@id":"https:\/\/casoteca.ro\/magazin\/modalitati-de-plata\/#breadcrumb","itemListElement":[{"@type":"ListItem","position":1,"name":"Prima pagin\u0103","item":"https:\/\/casoteca.ro\/magazin\/"},{"@type":"ListItem","position":2,"name":"Modalit\u0103\u021bi de plat\u0103"}]},{"@type":"WebSite","@id":"https:\/\/casoteca.ro\/magazin\/#website","url":"https:\/\/casoteca.ro\/magazin\/","name":"Casoteca Magazin","description":"Purificator de aer. Aspirator f\u0103r\u0103 fir. Plasmacluster","potentialAction":[{"@type":"SearchAction","target":{"@type":"EntryPoint","urlTemplate":"https:\/\/casoteca.ro\/magazin\/?s={search_term_string}"},"query-input":"required name=search_term_string"}],"inLanguage":"ro-RO"}]}},"jetpack_sharing_enabled":true,"_links":{"self":[{"href":"https:\/\/casoteca.ro\/magazin\/wp-json\/wp\/v2\/pages\/3514","targetHints":{"allow":["GET"]}}],"collection":[{"href":"https:\/\/casoteca.ro\/magazin\/wp-json\/wp\/v2\/pages"}],"about":[{"href":"https:\/\/casoteca.ro\/magazin\/wp-json\/wp\/v2\/types\/page"}],"author":[{"embeddable":true,"href":"https:\/\/casoteca.ro\/magazin\/wp-json\/wp\/v2\/users\/1"}],"replies":[{"embeddable":true,"href":"https:\/\/casoteca.ro\/magazin\/wp-json\/wp\/v2\/comments?post=3514"}],"version-history":[{"count":0,"href":"https:\/\/casoteca.ro\/magazin\/wp-json\/wp\/v2\/pages\/3514\/revisions"}],"wp:attachment":[{"href":"https:\/\/casoteca.ro\/magazin\/wp-json\/wp\/v2\/media?parent=3514"}],"curies":[{"name":"wp","href":"https:\/\/api.w.org\/{rel}","templated":true}]}}