{"id":3332,"date":"2020-04-09T11:38:36","date_gmt":"2020-04-09T11:38:36","guid":{"rendered":"https:\/\/casoteca.ro\/magazin\/?post_type=product&#038;p=3332"},"modified":"2024-07-14T16:25:43","modified_gmt":"2024-07-14T14:25:43","slug":"purificator-de-aer-plasmacluster-fp-f30euh","status":"publish","type":"product","link":"https:\/\/casoteca.ro\/magazin\/produs\/purificator-de-aer-plasmacluster-fp-f30euh\/","title":{"rendered":"Purificator de aer Plasmacluster FP-F30EUH SHARP"},"content":{"rendered":"<h3><strong><b>Purificator de aer Plasmacluster FP-F30EUH<\/b><\/strong><\/h3>\n<p>Purificator de aer Plasmacluster FP-F30EUH. Purificatorul de aer Sharp cu Plasmacluster FP-F30EUH este\u00a0 varianta cea mai mic\u0103 de purificare de la SHARP, recomandat\u0103 pentru o suprafa\u021b\u0103 de 21mp. Purificatorul de aer Plasmacluster FP-F30EUH de la Sharp este ideal pentru sufragerii mai mici, camera copilului sau dormitoare.<\/p>\n<h3><strong><b>Specifica\u021bii tehnice:<\/b><\/strong><\/h3>\n<p><strong>Tip montare:<\/strong> De sine statator<br \/>\n<strong>Utilizat pentru:<\/strong> Umidificare; Purificare<br \/>\n<strong>Material:<\/strong> Plastic<br \/>\n<strong>Func\u021bii:<\/strong> Indicatori nivel poluare aer, Nivel umiditate, Lips\u0103 ap\u0103 \u00een rezervor<br \/>\n<strong>Culoare:<\/strong> Antracit<br \/>\n<strong>Tip filtru:<\/strong> Carbon HEPA<br \/>\n<strong>Recomandat pentru incaperi pana la:<\/strong> 38 m\u00b2<br \/>\n<strong>Putere maxim\u0103:<\/strong> 13 W<br \/>\n<strong>Tensiune alimentare:<\/strong> 220 V<br \/>\n<strong>Flux de aer:<\/strong> 306 m\u00b3\/h<br \/>\n<strong>Tip panou de comand\u0103:<\/strong> Electronic<br \/>\n<strong>Nivel zgomot:<\/strong> 19 dB<\/p>\n<h3><strong><b>Certificate: <\/b><\/strong><strong><a href=\"https:\/\/global.sharp\/pci\/en\/certified\/\">Vezi aici certificarile internationale ale Plasmacluster<\/a><\/strong><\/h3>\n<h3><strong>Func\u021bii premium. Sistem Plasmacluster Ion<\/strong><\/h3>\n<h4><strong>Emiterea Ionilor<\/strong><\/h4>\n<p>Desc\u0103rc\u0103rile de plasm\u0103 sunt utilizate pentru crearea \u0219i eliberarea \u00een aer a acelora\u0219i ioni pozitivi \u0219i negativi ca \u0219i cei genera\u021bi \u00een natur\u0103.<\/p>\n<h4><strong>Efectul asupra mucegaiului \u0219i virusilor<\/strong><\/h4>\n<p>Doar \u00een momentul \u00een care ionii vin \u00een contact cu suprafa\u021ba unui spor de mucegai, a unei bacterii sau a unui virus, ace\u0219tia se transform\u0103 \u00een radicali OH cu capacit\u0103\u021bi extrem de mari de oxidare. Radicalii OH \u201cfur\u0103\u201d instantaneu hidrogenul (H) din proteinele de la suprafa\u021ba bacteriilor, distrug\u00e2nd proteina.<\/p>\n<h4><strong>Ionii se transform\u0103 \u00een ap\u0103 \u0219i se \u00eentorc \u00een aer<\/strong><\/h4>\n<p>Combinarea unui radical OH liber cu hidrogen (H) are ca rezultat crearea particulei de ap\u0103 (H2O), care se \u00eentoarce \u00een aer.<\/p>\n<ul>\n<li><strong>Elimina mucegaiul si bacteriile<br \/>\n<\/strong>Cauza alergiilor si a bolilor infectioase<\/li>\n<li><strong>Descompun si elimina gazele toxice care nu pot fi eliminate cu ajutorul filtrelor conventionale<br \/>\n<\/strong>Fumul de tigara \u2013 descompun si elimina gazele toxice prezente in fumul de tigara<\/li>\n<li><strong>Curata rapid intreaga camera de mirosurile neplacute:<br \/>\n<\/strong>Mirosurile din casa, inevitabil generate<br \/>\nMirosurile de toaleta<br \/>\nMirosurile provenite de la gunoiul menajer<br \/>\nMirosurile animalelor de companie<\/li>\n<\/ul>\n","protected":false},"excerpt":{"rendered":"<p>Purificatorul de aer Sharp cu Plasmacluster FP-F30EUH este\u00a0 varianta cea mai mic\u0103 de purificare de la SHARP, recomandat\u0103 pentru o suprafa\u021b\u0103 de 21mp, cu ideal pentru sufragerii mai mici, camera copilului sau dormitoare<\/p>\n<h4 style=\"text-align: left;\">Sun\u0103 acum la <a href=\"tel:+40 722 103 283\">+40 722 103 283<\/a> pentru reduceri suplimentare<\/h4>\n","protected":false},"featured_media":3333,"template":"","meta":[],"product_cat":[102],"product_tag":[],"class_list":{"0":"post-3332","1":"product","2":"type-product","3":"status-publish","4":"has-post-thumbnail","6":"product_cat-purificator-aer","8":"first","9":"instock","10":"sale","11":"shipping-taxable","12":"purchasable","13":"product-type-simple"},"yoast_head":"<!-- This site is optimized with the Yoast SEO plugin v23.3 - https:\/\/yoast.com\/wordpress\/plugins\/seo\/ -->\n<title>Purificator de aer Plasmacluster FP-F30EUH SHARP<\/title>\n<meta name=\"description\" content=\"Purificator de aer Plasmacluster FP-F30EUH SHARP - Ideal pentru sufragerii mai mici, camera copilului sau dormitoare\" \/>\n<meta name=\"robots\" content=\"index, follow, max-snippet:-1, max-image-preview:large, max-video-preview:-1\" \/>\n<link rel=\"canonical\" href=\"https:\/\/casoteca.ro\/magazin\/produs\/purificator-de-aer-plasmacluster-fp-f30euh\/\" \/>\n<meta property=\"og:locale\" content=\"ro_RO\" \/>\n<meta property=\"og:type\" content=\"article\" \/>\n<meta property=\"og:title\" content=\"Purificator de aer Plasmacluster FP-F30EUH SHARP\" \/>\n<meta property=\"og:description\" content=\"Purificator de aer Plasmacluster FP-F30EUH SHARP - Ideal pentru sufragerii mai mici, camera copilului sau dormitoare\" \/>\n<meta property=\"og:url\" content=\"https:\/\/casoteca.ro\/magazin\/produs\/purificator-de-aer-plasmacluster-fp-f30euh\/\" \/>\n<meta property=\"og:site_name\" content=\"Casoteca Magazin\" \/>\n<meta property=\"article:modified_time\" content=\"2024-07-14T14:25:43+00:00\" \/>\n<meta property=\"og:image\" content=\"https:\/\/casoteca.ro\/magazin\/wp-content\/uploads\/2020\/04\/fp-F30EUH1.jpg\" \/>\n\t<meta property=\"og:image:width\" content=\"960\" \/>\n\t<meta property=\"og:image:height\" content=\"960\" \/>\n\t<meta property=\"og:image:type\" content=\"image\/jpeg\" \/>\n<meta name=\"twitter:card\" content=\"summary_large_image\" \/>\n<meta name=\"twitter:label1\" content=\"Timp estimat pentru citire\" \/>\n\t<meta name=\"twitter:data1\" content=\"2 minute\" \/>\n<script type=\"application\/ld+json\" class=\"yoast-schema-graph\">{\"@context\":\"https:\/\/schema.org\",\"@graph\":[{\"@type\":\"WebPage\",\"@id\":\"https:\/\/casoteca.ro\/magazin\/produs\/purificator-de-aer-plasmacluster-fp-f30euh\/\",\"url\":\"https:\/\/casoteca.ro\/magazin\/produs\/purificator-de-aer-plasmacluster-fp-f30euh\/\",\"name\":\"Purificator de aer Plasmacluster FP-F30EUH SHARP\",\"isPartOf\":{\"@id\":\"https:\/\/casoteca.ro\/magazin\/#website\"},\"primaryImageOfPage\":{\"@id\":\"https:\/\/casoteca.ro\/magazin\/produs\/purificator-de-aer-plasmacluster-fp-f30euh\/#primaryimage\"},\"image\":{\"@id\":\"https:\/\/casoteca.ro\/magazin\/produs\/purificator-de-aer-plasmacluster-fp-f30euh\/#primaryimage\"},\"thumbnailUrl\":\"https:\/\/casoteca.ro\/magazin\/wp-content\/uploads\/2020\/04\/fp-F30EUH1.jpg\",\"datePublished\":\"2020-04-09T11:38:36+00:00\",\"dateModified\":\"2024-07-14T14:25:43+00:00\",\"description\":\"Purificator de aer Plasmacluster FP-F30EUH SHARP - Ideal pentru sufragerii mai mici, camera copilului sau dormitoare\",\"breadcrumb\":{\"@id\":\"https:\/\/casoteca.ro\/magazin\/produs\/purificator-de-aer-plasmacluster-fp-f30euh\/#breadcrumb\"},\"inLanguage\":\"ro-RO\",\"potentialAction\":[{\"@type\":\"ReadAction\",\"target\":[\"https:\/\/casoteca.ro\/magazin\/produs\/purificator-de-aer-plasmacluster-fp-f30euh\/\"]}]},{\"@type\":\"ImageObject\",\"inLanguage\":\"ro-RO\",\"@id\":\"https:\/\/casoteca.ro\/magazin\/produs\/purificator-de-aer-plasmacluster-fp-f30euh\/#primaryimage\",\"url\":\"https:\/\/casoteca.ro\/magazin\/wp-content\/uploads\/2020\/04\/fp-F30EUH1.jpg\",\"contentUrl\":\"https:\/\/casoteca.ro\/magazin\/wp-content\/uploads\/2020\/04\/fp-F30EUH1.jpg\",\"width\":960,\"height\":960,\"caption\":\"Purificator de aer Plasmacluster FP-F30EUH\"},{\"@type\":\"BreadcrumbList\",\"@id\":\"https:\/\/casoteca.ro\/magazin\/produs\/purificator-de-aer-plasmacluster-fp-f30euh\/#breadcrumb\",\"itemListElement\":[{\"@type\":\"ListItem\",\"position\":1,\"name\":\"Prima pagin\u0103\",\"item\":\"https:\/\/casoteca.ro\/magazin\/\"},{\"@type\":\"ListItem\",\"position\":2,\"name\":\"Magazin\",\"item\":\"https:\/\/casoteca.ro\/magazin\/magazin-2\/\"},{\"@type\":\"ListItem\",\"position\":3,\"name\":\"Purificator de aer Plasmacluster FP-F30EUH SHARP\"}]},{\"@type\":\"WebSite\",\"@id\":\"https:\/\/casoteca.ro\/magazin\/#website\",\"url\":\"https:\/\/casoteca.ro\/magazin\/\",\"name\":\"Casoteca Magazin\",\"description\":\"Purificator de aer. Aspirator f\u0103r\u0103 fir. Plasmacluster\",\"potentialAction\":[{\"@type\":\"SearchAction\",\"target\":{\"@type\":\"EntryPoint\",\"urlTemplate\":\"https:\/\/casoteca.ro\/magazin\/?s={search_term_string}\"},\"query-input\":\"required name=search_term_string\"}],\"inLanguage\":\"ro-RO\"}]}<\/script>\n<!-- \/ Yoast SEO plugin. -->","yoast_head_json":{"title":"Purificator de aer Plasmacluster FP-F30EUH SHARP","description":"Purificator de aer Plasmacluster FP-F30EUH SHARP - Ideal pentru sufragerii mai mici, camera copilului sau dormitoare","robots":{"index":"index","follow":"follow","max-snippet":"max-snippet:-1","max-image-preview":"max-image-preview:large","max-video-preview":"max-video-preview:-1"},"canonical":"https:\/\/casoteca.ro\/magazin\/produs\/purificator-de-aer-plasmacluster-fp-f30euh\/","og_locale":"ro_RO","og_type":"article","og_title":"Purificator de aer Plasmacluster FP-F30EUH SHARP","og_description":"Purificator de aer Plasmacluster FP-F30EUH SHARP - Ideal pentru sufragerii mai mici, camera copilului sau dormitoare","og_url":"https:\/\/casoteca.ro\/magazin\/produs\/purificator-de-aer-plasmacluster-fp-f30euh\/","og_site_name":"Casoteca Magazin","article_modified_time":"2024-07-14T14:25:43+00:00","og_image":[{"width":960,"height":960,"url":"https:\/\/casoteca.ro\/magazin\/wp-content\/uploads\/2020\/04\/fp-F30EUH1.jpg","type":"image\/jpeg"}],"twitter_card":"summary_large_image","twitter_misc":{"Timp estimat pentru citire":"2 minute"},"schema":{"@context":"https:\/\/schema.org","@graph":[{"@type":"WebPage","@id":"https:\/\/casoteca.ro\/magazin\/produs\/purificator-de-aer-plasmacluster-fp-f30euh\/","url":"https:\/\/casoteca.ro\/magazin\/produs\/purificator-de-aer-plasmacluster-fp-f30euh\/","name":"Purificator de aer Plasmacluster FP-F30EUH SHARP","isPartOf":{"@id":"https:\/\/casoteca.ro\/magazin\/#website"},"primaryImageOfPage":{"@id":"https:\/\/casoteca.ro\/magazin\/produs\/purificator-de-aer-plasmacluster-fp-f30euh\/#primaryimage"},"image":{"@id":"https:\/\/casoteca.ro\/magazin\/produs\/purificator-de-aer-plasmacluster-fp-f30euh\/#primaryimage"},"thumbnailUrl":"https:\/\/casoteca.ro\/magazin\/wp-content\/uploads\/2020\/04\/fp-F30EUH1.jpg","datePublished":"2020-04-09T11:38:36+00:00","dateModified":"2024-07-14T14:25:43+00:00","description":"Purificator de aer Plasmacluster FP-F30EUH SHARP - Ideal pentru sufragerii mai mici, camera copilului sau dormitoare","breadcrumb":{"@id":"https:\/\/casoteca.ro\/magazin\/produs\/purificator-de-aer-plasmacluster-fp-f30euh\/#breadcrumb"},"inLanguage":"ro-RO","potentialAction":[{"@type":"ReadAction","target":["https:\/\/casoteca.ro\/magazin\/produs\/purificator-de-aer-plasmacluster-fp-f30euh\/"]}]},{"@type":"ImageObject","inLanguage":"ro-RO","@id":"https:\/\/casoteca.ro\/magazin\/produs\/purificator-de-aer-plasmacluster-fp-f30euh\/#primaryimage","url":"https:\/\/casoteca.ro\/magazin\/wp-content\/uploads\/2020\/04\/fp-F30EUH1.jpg","contentUrl":"https:\/\/casoteca.ro\/magazin\/wp-content\/uploads\/2020\/04\/fp-F30EUH1.jpg","width":960,"height":960,"caption":"Purificator de aer Plasmacluster FP-F30EUH"},{"@type":"BreadcrumbList","@id":"https:\/\/casoteca.ro\/magazin\/produs\/purificator-de-aer-plasmacluster-fp-f30euh\/#breadcrumb","itemListElement":[{"@type":"ListItem","position":1,"name":"Prima pagin\u0103","item":"https:\/\/casoteca.ro\/magazin\/"},{"@type":"ListItem","position":2,"name":"Magazin","item":"https:\/\/casoteca.ro\/magazin\/magazin-2\/"},{"@type":"ListItem","position":3,"name":"Purificator de aer Plasmacluster FP-F30EUH SHARP"}]},{"@type":"WebSite","@id":"https:\/\/casoteca.ro\/magazin\/#website","url":"https:\/\/casoteca.ro\/magazin\/","name":"Casoteca Magazin","description":"Purificator de aer. Aspirator f\u0103r\u0103 fir. Plasmacluster","potentialAction":[{"@type":"SearchAction","target":{"@type":"EntryPoint","urlTemplate":"https:\/\/casoteca.ro\/magazin\/?s={search_term_string}"},"query-input":"required name=search_term_string"}],"inLanguage":"ro-RO"}]}},"jetpack_sharing_enabled":true,"_links":{"self":[{"href":"https:\/\/casoteca.ro\/magazin\/wp-json\/wp\/v2\/product\/3332","targetHints":{"allow":["GET"]}}],"collection":[{"href":"https:\/\/casoteca.ro\/magazin\/wp-json\/wp\/v2\/product"}],"about":[{"href":"https:\/\/casoteca.ro\/magazin\/wp-json\/wp\/v2\/types\/product"}],"wp:featuredmedia":[{"embeddable":true,"href":"https:\/\/casoteca.ro\/magazin\/wp-json\/wp\/v2\/media\/3333"}],"wp:attachment":[{"href":"https:\/\/casoteca.ro\/magazin\/wp-json\/wp\/v2\/media?parent=3332"}],"wp:term":[{"taxonomy":"product_cat","embeddable":true,"href":"https:\/\/casoteca.ro\/magazin\/wp-json\/wp\/v2\/product_cat?post=3332"},{"taxonomy":"product_tag","embeddable":true,"href":"https:\/\/casoteca.ro\/magazin\/wp-json\/wp\/v2\/product_tag?post=3332"}],"curies":[{"name":"wp","href":"https:\/\/api.w.org\/{rel}","templated":true}]}}