{"id":3364,"date":"2020-04-15T19:21:35","date_gmt":"2020-04-15T19:21:35","guid":{"rendered":"https:\/\/casoteca.ro\/magazin\/?post_type=product&#038;p=3364"},"modified":"2024-07-24T23:25:55","modified_gmt":"2024-07-24T21:25:55","slug":"purificator-de-aer-auto-plasmacluster-uj-gc20en","status":"publish","type":"product","link":"https:\/\/casoteca.ro\/magazin\/produs\/purificator-de-aer-auto-plasmacluster-uj-gc20en\/","title":{"rendered":"Purificator de aer auto Plasmacluster UJ-GC20EN \/ UJ-GC20EB SHARP"},"content":{"rendered":"<h3><strong><b>Purificator de aer auto Plasmacluster UJ-GC20E<\/b><\/strong><\/h3>\n<p>Purificator de aer auto Plasmacluster UJ-GC20EN. Zilnic ne petrecem multe ore \u00een trafic. Din pacate filtrele de aer ale ma\u0219inii nu sunt suficiente pentru cur\u0103\u021barea aerului din habitaclu. Chiar dac\u0103 folosim recircularea situa\u021bia nu se \u00eembun\u0103t\u0103\u021be\u0219te. Purificatorul de aer auto Sharp cu tehnologia japonez\u0103 Plasmacluster \u00ee\u0219i face treaba \u00eentr-un timp foarte scurt, datorit\u0103 denist\u0103\u021bii mari a fluxului de ioni. Aerul din incinta ma\u0219ini este purificat. Purificator de aer auto Plasmacluster UJ-GC20EN SHARP se conecteaz\u0103 la USB \u0219i poate fi a\u0219ezat \u00een spa\u021biul de pahare. Inactiveaz\u0103 gazele toxice, virusurile, bacteriile, polenul \u0219i mirosurile nepl\u0103cute, inclusiv de \u021bigar\u0103.<\/p>\n<h3><strong><b>Specifica\u021bii tehnice:<\/b><\/strong><\/h3>\n<p><strong>Tip montare:<\/strong> De sine st\u0103t\u0103tor<br \/>\n<strong>Utilizat pentru:<\/strong>\u00a0 Purificare<br \/>\n<strong>Material:<\/strong> Plastic<br \/>\n<strong>Culoare:<\/strong> Auriu, Negru<br \/>\n<strong>Func\u021bii:<\/strong> Func\u021bionare 3 moduri: automat, med, max<br \/>\n<strong>Recomandat pentru \u00eencaperi, incinte auto p\u00e2n\u0103 la:<\/strong> 3.6 m\u00b2<br \/>\n<strong>Putere maxim\u0103:<\/strong> 0.5 W<br \/>\n<strong>Lungime cablu:<\/strong> 1,5 m, conectare USB<br \/>\n<strong>Tip panou de comand\u0103:<\/strong> Digital<\/p>\n<h3><strong><b>Certificate: <\/b><\/strong><strong><a href=\"https:\/\/global.sharp\/pci\/en\/certified\/\" target=\"_blank\" rel=\"noopener noreferrer\">Vezi aici certificarile internationale ale Plasmacluster<\/a><\/strong><\/h3>\n<h3><strong>Trei efecte majore ale Ionilor Plasmacluster:<\/strong><\/h3>\n<ul>\n<li><strong>Elimina mucegaiul si bacteriile<br \/>\n<\/strong>Cauza alergiilor si a bolilor infectioase<\/li>\n<li><strong>Descompun si elimina gazele toxice care nu pot fi eliminate cu ajutorul filtrelor conventionale<br \/>\n<\/strong>Fumul de tigara \u2013 descompun si elimina gazele toxice prezente in fumul de tigara<\/li>\n<li><strong>Curata rapid incintele de mirosurile neplacute:<br \/>\n<\/strong>Mirosurile din masina, inevitabil generate<br \/>\nMirosurile provenite de la gunoi, tigara, umezeala<br \/>\nMirosurile animalelor de companie<\/li>\n<\/ul>\n","protected":false},"excerpt":{"rendered":"<p>Purificatorul de aer auto Sharp cu tehnologia japonez\u0103 Plasmacluster \u00ee\u0219i face treaba \u00eentr-un timp foarte scurt, datorit\u0103 denist\u0103\u021bii mari a fluxului de ioni. Este extrem de eficient \u00een anihilarea mirosurilor (mai ales de \u021bigar\u0103), a virusurilor, bacteriilor, polenului \u0219i a gazelor toxice. Se contecteaz\u0103 prin USB la ma\u0219in\u0103 \u0219i se a\u0219az\u0103 \u00een spa\u021biul de pahare. Eficien\u021ba lui este maxim\u0103 pe o suprafa\u021b\u0103 de 3,6 mp. Este u\u0219or de transporat, astfel c\u0103 poate fi luat \u0219i montat apoi la birou l\u00e2ng\u0103 laptop, pentru a te bucura de aer curat. \u00cen plus, aparatul este eficient \u00een inactivarea energiei electrostatice. Pentru o persoan\u0103 care merge cu ma\u0219ina \u0219i st\u0103 mult la birou, atunci purificatorul SHARP UJ-GC20E ar trebui s\u0103 fie la fel de prezent \u00een via\u021ba sa ca cea\u0219ca zilnic\u0103 de cafea.<\/p>\n<h4 style=\"text-align: left;\">Sun\u0103 acum la <a href=\"tel:+40 722 103 283\">+40 722 103 283<\/a> pentru reduceri suplimentare<\/h4>\n","protected":false},"featured_media":3369,"template":"","meta":[],"product_cat":[102],"product_tag":[],"class_list":{"0":"post-3364","1":"product","2":"type-product","3":"status-publish","4":"has-post-thumbnail","6":"product_cat-purificator-aer","8":"first","9":"instock","10":"sale","11":"shipping-taxable","12":"purchasable","13":"product-type-variable"},"yoast_head":"<!-- This site is optimized with the Yoast SEO plugin v23.3 - https:\/\/yoast.com\/wordpress\/plugins\/seo\/ -->\n<title>Purificator de aer auto Plasmacluster UJ-GC20EN \/ UJ-GC20EB SHARP<\/title>\n<meta name=\"description\" content=\"Purificator de aer auto Plasmacluster UJ-GC20EN \/ UJ-GC20EB SHARP - Purificator auto SHARP. Se conecteaz\u0103 la USB. Elimin\u0103 mirosul de \u021bigar\u0103.\" \/>\n<meta name=\"robots\" content=\"index, follow, max-snippet:-1, max-image-preview:large, max-video-preview:-1\" \/>\n<link rel=\"canonical\" href=\"https:\/\/casoteca.ro\/magazin\/produs\/purificator-de-aer-auto-plasmacluster-uj-gc20en\/\" \/>\n<meta property=\"og:locale\" content=\"ro_RO\" \/>\n<meta property=\"og:type\" content=\"article\" \/>\n<meta property=\"og:title\" content=\"Purificator de aer auto Plasmacluster UJ-GC20EN \/ UJ-GC20EB SHARP\" \/>\n<meta property=\"og:description\" content=\"Purificator de aer auto Plasmacluster UJ-GC20EN \/ UJ-GC20EB SHARP - Purificator auto SHARP. Se conecteaz\u0103 la USB. Elimin\u0103 mirosul de \u021bigar\u0103.\" \/>\n<meta property=\"og:url\" content=\"https:\/\/casoteca.ro\/magazin\/produs\/purificator-de-aer-auto-plasmacluster-uj-gc20en\/\" \/>\n<meta property=\"og:site_name\" content=\"Casoteca Magazin\" \/>\n<meta property=\"article:modified_time\" content=\"2024-07-24T21:25:55+00:00\" \/>\n<meta property=\"og:image\" content=\"https:\/\/casoteca.ro\/magazin\/wp-content\/uploads\/2020\/04\/ujgc20eu3.jpg\" \/>\n\t<meta property=\"og:image:width\" content=\"834\" \/>\n\t<meta property=\"og:image:height\" content=\"705\" \/>\n\t<meta property=\"og:image:type\" content=\"image\/jpeg\" \/>\n<meta name=\"twitter:card\" content=\"summary_large_image\" \/>\n<meta name=\"twitter:label1\" content=\"Timp estimat pentru citire\" \/>\n\t<meta name=\"twitter:data1\" content=\"2 minute\" \/>\n<script type=\"application\/ld+json\" class=\"yoast-schema-graph\">{\"@context\":\"https:\/\/schema.org\",\"@graph\":[{\"@type\":\"WebPage\",\"@id\":\"https:\/\/casoteca.ro\/magazin\/produs\/purificator-de-aer-auto-plasmacluster-uj-gc20en\/\",\"url\":\"https:\/\/casoteca.ro\/magazin\/produs\/purificator-de-aer-auto-plasmacluster-uj-gc20en\/\",\"name\":\"Purificator de aer auto Plasmacluster UJ-GC20EN \/ UJ-GC20EB SHARP\",\"isPartOf\":{\"@id\":\"https:\/\/casoteca.ro\/magazin\/#website\"},\"primaryImageOfPage\":{\"@id\":\"https:\/\/casoteca.ro\/magazin\/produs\/purificator-de-aer-auto-plasmacluster-uj-gc20en\/#primaryimage\"},\"image\":{\"@id\":\"https:\/\/casoteca.ro\/magazin\/produs\/purificator-de-aer-auto-plasmacluster-uj-gc20en\/#primaryimage\"},\"thumbnailUrl\":\"https:\/\/casoteca.ro\/magazin\/wp-content\/uploads\/2020\/04\/ujgc20eu3.jpg\",\"datePublished\":\"2020-04-15T19:21:35+00:00\",\"dateModified\":\"2024-07-24T21:25:55+00:00\",\"description\":\"Purificator de aer auto Plasmacluster UJ-GC20EN \/ UJ-GC20EB SHARP - Purificator auto SHARP. Se conecteaz\u0103 la USB. Elimin\u0103 mirosul de \u021bigar\u0103.\",\"breadcrumb\":{\"@id\":\"https:\/\/casoteca.ro\/magazin\/produs\/purificator-de-aer-auto-plasmacluster-uj-gc20en\/#breadcrumb\"},\"inLanguage\":\"ro-RO\",\"potentialAction\":[{\"@type\":\"ReadAction\",\"target\":[\"https:\/\/casoteca.ro\/magazin\/produs\/purificator-de-aer-auto-plasmacluster-uj-gc20en\/\"]}]},{\"@type\":\"ImageObject\",\"inLanguage\":\"ro-RO\",\"@id\":\"https:\/\/casoteca.ro\/magazin\/produs\/purificator-de-aer-auto-plasmacluster-uj-gc20en\/#primaryimage\",\"url\":\"https:\/\/casoteca.ro\/magazin\/wp-content\/uploads\/2020\/04\/ujgc20eu3.jpg\",\"contentUrl\":\"https:\/\/casoteca.ro\/magazin\/wp-content\/uploads\/2020\/04\/ujgc20eu3.jpg\",\"width\":834,\"height\":705,\"caption\":\"Purificator de aer auto Plasmacluster UJ-GC20EN\"},{\"@type\":\"BreadcrumbList\",\"@id\":\"https:\/\/casoteca.ro\/magazin\/produs\/purificator-de-aer-auto-plasmacluster-uj-gc20en\/#breadcrumb\",\"itemListElement\":[{\"@type\":\"ListItem\",\"position\":1,\"name\":\"Prima pagin\u0103\",\"item\":\"https:\/\/casoteca.ro\/magazin\/\"},{\"@type\":\"ListItem\",\"position\":2,\"name\":\"Magazin\",\"item\":\"https:\/\/casoteca.ro\/magazin\/magazin-2\/\"},{\"@type\":\"ListItem\",\"position\":3,\"name\":\"Purificator de aer auto Plasmacluster UJ-GC20EN \/ UJ-GC20EB SHARP\"}]},{\"@type\":\"WebSite\",\"@id\":\"https:\/\/casoteca.ro\/magazin\/#website\",\"url\":\"https:\/\/casoteca.ro\/magazin\/\",\"name\":\"Casoteca Magazin\",\"description\":\"Purificator de aer. Aspirator f\u0103r\u0103 fir. Plasmacluster\",\"potentialAction\":[{\"@type\":\"SearchAction\",\"target\":{\"@type\":\"EntryPoint\",\"urlTemplate\":\"https:\/\/casoteca.ro\/magazin\/?s={search_term_string}\"},\"query-input\":\"required name=search_term_string\"}],\"inLanguage\":\"ro-RO\"}]}<\/script>\n<!-- \/ Yoast SEO plugin. -->","yoast_head_json":{"title":"Purificator de aer auto Plasmacluster UJ-GC20EN \/ UJ-GC20EB SHARP","description":"Purificator de aer auto Plasmacluster UJ-GC20EN \/ UJ-GC20EB SHARP - Purificator auto SHARP. Se conecteaz\u0103 la USB. Elimin\u0103 mirosul de \u021bigar\u0103.","robots":{"index":"index","follow":"follow","max-snippet":"max-snippet:-1","max-image-preview":"max-image-preview:large","max-video-preview":"max-video-preview:-1"},"canonical":"https:\/\/casoteca.ro\/magazin\/produs\/purificator-de-aer-auto-plasmacluster-uj-gc20en\/","og_locale":"ro_RO","og_type":"article","og_title":"Purificator de aer auto Plasmacluster UJ-GC20EN \/ UJ-GC20EB SHARP","og_description":"Purificator de aer auto Plasmacluster UJ-GC20EN \/ UJ-GC20EB SHARP - Purificator auto SHARP. Se conecteaz\u0103 la USB. Elimin\u0103 mirosul de \u021bigar\u0103.","og_url":"https:\/\/casoteca.ro\/magazin\/produs\/purificator-de-aer-auto-plasmacluster-uj-gc20en\/","og_site_name":"Casoteca Magazin","article_modified_time":"2024-07-24T21:25:55+00:00","og_image":[{"width":834,"height":705,"url":"https:\/\/casoteca.ro\/magazin\/wp-content\/uploads\/2020\/04\/ujgc20eu3.jpg","type":"image\/jpeg"}],"twitter_card":"summary_large_image","twitter_misc":{"Timp estimat pentru citire":"2 minute"},"schema":{"@context":"https:\/\/schema.org","@graph":[{"@type":"WebPage","@id":"https:\/\/casoteca.ro\/magazin\/produs\/purificator-de-aer-auto-plasmacluster-uj-gc20en\/","url":"https:\/\/casoteca.ro\/magazin\/produs\/purificator-de-aer-auto-plasmacluster-uj-gc20en\/","name":"Purificator de aer auto Plasmacluster UJ-GC20EN \/ UJ-GC20EB SHARP","isPartOf":{"@id":"https:\/\/casoteca.ro\/magazin\/#website"},"primaryImageOfPage":{"@id":"https:\/\/casoteca.ro\/magazin\/produs\/purificator-de-aer-auto-plasmacluster-uj-gc20en\/#primaryimage"},"image":{"@id":"https:\/\/casoteca.ro\/magazin\/produs\/purificator-de-aer-auto-plasmacluster-uj-gc20en\/#primaryimage"},"thumbnailUrl":"https:\/\/casoteca.ro\/magazin\/wp-content\/uploads\/2020\/04\/ujgc20eu3.jpg","datePublished":"2020-04-15T19:21:35+00:00","dateModified":"2024-07-24T21:25:55+00:00","description":"Purificator de aer auto Plasmacluster UJ-GC20EN \/ UJ-GC20EB SHARP - Purificator auto SHARP. Se conecteaz\u0103 la USB. Elimin\u0103 mirosul de \u021bigar\u0103.","breadcrumb":{"@id":"https:\/\/casoteca.ro\/magazin\/produs\/purificator-de-aer-auto-plasmacluster-uj-gc20en\/#breadcrumb"},"inLanguage":"ro-RO","potentialAction":[{"@type":"ReadAction","target":["https:\/\/casoteca.ro\/magazin\/produs\/purificator-de-aer-auto-plasmacluster-uj-gc20en\/"]}]},{"@type":"ImageObject","inLanguage":"ro-RO","@id":"https:\/\/casoteca.ro\/magazin\/produs\/purificator-de-aer-auto-plasmacluster-uj-gc20en\/#primaryimage","url":"https:\/\/casoteca.ro\/magazin\/wp-content\/uploads\/2020\/04\/ujgc20eu3.jpg","contentUrl":"https:\/\/casoteca.ro\/magazin\/wp-content\/uploads\/2020\/04\/ujgc20eu3.jpg","width":834,"height":705,"caption":"Purificator de aer auto Plasmacluster UJ-GC20EN"},{"@type":"BreadcrumbList","@id":"https:\/\/casoteca.ro\/magazin\/produs\/purificator-de-aer-auto-plasmacluster-uj-gc20en\/#breadcrumb","itemListElement":[{"@type":"ListItem","position":1,"name":"Prima pagin\u0103","item":"https:\/\/casoteca.ro\/magazin\/"},{"@type":"ListItem","position":2,"name":"Magazin","item":"https:\/\/casoteca.ro\/magazin\/magazin-2\/"},{"@type":"ListItem","position":3,"name":"Purificator de aer auto Plasmacluster UJ-GC20EN \/ UJ-GC20EB SHARP"}]},{"@type":"WebSite","@id":"https:\/\/casoteca.ro\/magazin\/#website","url":"https:\/\/casoteca.ro\/magazin\/","name":"Casoteca Magazin","description":"Purificator de aer. Aspirator f\u0103r\u0103 fir. Plasmacluster","potentialAction":[{"@type":"SearchAction","target":{"@type":"EntryPoint","urlTemplate":"https:\/\/casoteca.ro\/magazin\/?s={search_term_string}"},"query-input":"required name=search_term_string"}],"inLanguage":"ro-RO"}]}},"jetpack_sharing_enabled":true,"_links":{"self":[{"href":"https:\/\/casoteca.ro\/magazin\/wp-json\/wp\/v2\/product\/3364","targetHints":{"allow":["GET"]}}],"collection":[{"href":"https:\/\/casoteca.ro\/magazin\/wp-json\/wp\/v2\/product"}],"about":[{"href":"https:\/\/casoteca.ro\/magazin\/wp-json\/wp\/v2\/types\/product"}],"wp:featuredmedia":[{"embeddable":true,"href":"https:\/\/casoteca.ro\/magazin\/wp-json\/wp\/v2\/media\/3369"}],"wp:attachment":[{"href":"https:\/\/casoteca.ro\/magazin\/wp-json\/wp\/v2\/media?parent=3364"}],"wp:term":[{"taxonomy":"product_cat","embeddable":true,"href":"https:\/\/casoteca.ro\/magazin\/wp-json\/wp\/v2\/product_cat?post=3364"},{"taxonomy":"product_tag","embeddable":true,"href":"https:\/\/casoteca.ro\/magazin\/wp-json\/wp\/v2\/product_tag?post=3364"}],"curies":[{"name":"wp","href":"https:\/\/api.w.org\/{rel}","templated":true}]}}